{"id":18,"date":"2024-11-17T19:18:00","date_gmt":"2024-11-17T18:18:00","guid":{"rendered":"http:\/\/resaup.fr\/?page_id=18"},"modified":"2024-11-17T19:18:00","modified_gmt":"2024-11-17T18:18:00","slug":"les-48h","status":"publish","type":"page","link":"https:\/\/resaup.fr\/index.php\/les-48h\/","title":{"rendered":"Les 48h"},"content":{"rendered":"\n<p>Le festival participatif \u00ab\u00a0Les 48h de l\u2019Agriculture Urbaine\u00a0\u00bb revient \u00e0 Poitiers en mai 2025 !!<\/p>\n\n\n\n<p>Nous vous attendons nombreux pour cette deuxi\u00e8me \u00e9dition avec des animations, des balades, des visites de jardins, des conf\u00e9rences, des temps festifs\u2026.<\/p>\n\n\n\n<p>Si vous souhaitez vous aussi proposer un \u00e9v\u00e8nement, il est encore temps !<\/p>\n","protected":false},"excerpt":{"rendered":"<p>Le festival participatif \u00ab\u00a0Les 48h de l\u2019Agriculture Urbaine\u00a0\u00bb revient \u00e0 Poitiers en mai 2025 !! Nous vous attendons nombreux pour cette deuxi\u00e8me \u00e9dition avec des animations, des balades, des visites de jardins, des conf\u00e9rences, des temps festifs\u2026. Si vous souhaitez vous aussi proposer un \u00e9v\u00e8nement, il est encore temps !<\/p>\n","protected":false},"author":1,"featured_media":0,"parent":0,"menu_order":0,"comment_status":"closed","ping_status":"closed","template":"","meta":{"footnotes":""},"class_list":["post-18","page","type-page","status-publish","hentry"],"_links":{"self":[{"href":"https:\/\/resaup.fr\/index.php\/wp-json\/wp\/v2\/pages\/18","targetHints":{"allow":["GET"]}}],"collection":[{"href":"https:\/\/resaup.fr\/index.php\/wp-json\/wp\/v2\/pages"}],"about":[{"href":"https:\/\/resaup.fr\/index.php\/wp-json\/wp\/v2\/types\/page"}],"author":[{"embeddable":true,"href":"https:\/\/resaup.fr\/index.php\/wp-json\/wp\/v2\/users\/1"}],"replies":[{"embeddable":true,"href":"https:\/\/resaup.fr\/index.php\/wp-json\/wp\/v2\/comments?post=18"}],"version-history":[{"count":1,"href":"https:\/\/resaup.fr\/index.php\/wp-json\/wp\/v2\/pages\/18\/revisions"}],"predecessor-version":[{"id":19,"href":"https:\/\/resaup.fr\/index.php\/wp-json\/wp\/v2\/pages\/18\/revisions\/19"}],"wp:attachment":[{"href":"https:\/\/resaup.fr\/index.php\/wp-json\/wp\/v2\/media?parent=18"}],"curies":[{"name":"wp","href":"https:\/\/api.w.org\/{rel}","templated":true}]}}