{"id":15,"date":"2024-11-17T19:12:21","date_gmt":"2024-11-17T18:12:21","guid":{"rendered":"http:\/\/resaup.fr\/?page_id=15"},"modified":"2024-11-17T19:12:21","modified_gmt":"2024-11-17T18:12:21","slug":"presentation","status":"publish","type":"page","link":"https:\/\/resaup.fr\/index.php\/presentation\/","title":{"rendered":"Pr\u00e9sentation"},"content":{"rendered":"\n<p class=\"has-light-green-cyan-background-color has-background has-medium-font-size\">Collectif agricole pour partager des id\u00e9es, f\u00e9d\u00e9rer les \u00e9nergies et agir en faveur d&#8217;une agriculture urbaine respectueuse des citoyens et des \u00e9cosyst\u00e8mes \u00e0 Poitiers et ses environs.<\/p>\n\n\n\n<p><\/p>\n","protected":false},"excerpt":{"rendered":"<p>Collectif agricole pour partager des id\u00e9es, f\u00e9d\u00e9rer les \u00e9nergies et agir en faveur d&#8217;une agriculture urbaine respectueuse des citoyens et des \u00e9cosyst\u00e8mes \u00e0 Poitiers et ses environs.<\/p>\n","protected":false},"author":1,"featured_media":0,"parent":0,"menu_order":0,"comment_status":"closed","ping_status":"closed","template":"","meta":{"footnotes":""},"class_list":["post-15","page","type-page","status-publish","hentry"],"_links":{"self":[{"href":"https:\/\/resaup.fr\/index.php\/wp-json\/wp\/v2\/pages\/15","targetHints":{"allow":["GET"]}}],"collection":[{"href":"https:\/\/resaup.fr\/index.php\/wp-json\/wp\/v2\/pages"}],"about":[{"href":"https:\/\/resaup.fr\/index.php\/wp-json\/wp\/v2\/types\/page"}],"author":[{"embeddable":true,"href":"https:\/\/resaup.fr\/index.php\/wp-json\/wp\/v2\/users\/1"}],"replies":[{"embeddable":true,"href":"https:\/\/resaup.fr\/index.php\/wp-json\/wp\/v2\/comments?post=15"}],"version-history":[{"count":1,"href":"https:\/\/resaup.fr\/index.php\/wp-json\/wp\/v2\/pages\/15\/revisions"}],"predecessor-version":[{"id":16,"href":"https:\/\/resaup.fr\/index.php\/wp-json\/wp\/v2\/pages\/15\/revisions\/16"}],"wp:attachment":[{"href":"https:\/\/resaup.fr\/index.php\/wp-json\/wp\/v2\/media?parent=15"}],"curies":[{"name":"wp","href":"https:\/\/api.w.org\/{rel}","templated":true}]}}